{"id":2,"date":"2022-09-27T21:29:47","date_gmt":"2022-09-27T21:29:47","guid":{"rendered":"https:\/\/www.ponozkaren.com\/?page_id=2"},"modified":"2022-09-30T19:58:58","modified_gmt":"2022-09-30T19:58:58","slug":"sample-page","status":"publish","type":"page","link":"https:\/\/www.ponozkaren.com\/","title":{"rendered":"Mil\u00ed z\u00e1kazn\u00edci,"},"content":{"rendered":"\n<p>moment\u00e1lne n\u00e1\u0161 eshop vylep\u0161ujeme. Te\u0161\u00edme na V\u00e1\u0161u bud\u00facu n\u00e1v\u0161tevu.<\/p>\n\n\n\n<p>\u010eakujeme!<\/p>\n\n\n\n<figure class=\"wp-block-image alignfull size-large\"><img loading=\"lazy\" decoding=\"async\" width=\"1024\" height=\"437\" src=\"https:\/\/www.ponozkaren.com\/wp-content\/uploads\/2022\/09\/pas-2-1024x437.jpg\" alt=\"\" class=\"wp-image-23\" srcset=\"https:\/\/www.ponozkaren.com\/wp-content\/uploads\/2022\/09\/pas-2-1024x437.jpg 1024w, https:\/\/www.ponozkaren.com\/wp-content\/uploads\/2022\/09\/pas-2-300x128.jpg 300w, https:\/\/www.ponozkaren.com\/wp-content\/uploads\/2022\/09\/pas-2-768x328.jpg 768w, https:\/\/www.ponozkaren.com\/wp-content\/uploads\/2022\/09\/pas-2-1536x656.jpg 1536w, https:\/\/www.ponozkaren.com\/wp-content\/uploads\/2022\/09\/pas-2-416x178.jpg 416w, https:\/\/www.ponozkaren.com\/wp-content\/uploads\/2022\/09\/pas-2.jpg 1920w\" sizes=\"auto, (max-width: 1024px) 100vw, 1024px\" \/><\/figure>\n","protected":false},"excerpt":{"rendered":"<p>moment\u00e1lne n\u00e1\u0161 eshop vylep\u0161ujeme. Te\u0161\u00edme na V\u00e1\u0161u bud\u00facu n\u00e1v\u0161tevu. \u010eakujeme!<\/p>\n","protected":false},"author":1,"featured_media":0,"parent":0,"menu_order":0,"comment_status":"closed","ping_status":"open","template":"","meta":{"footnotes":""},"class_list":["post-2","page","type-page","status-publish","hentry"],"_links":{"self":[{"href":"https:\/\/www.ponozkaren.com\/index.php\/wp-json\/wp\/v2\/pages\/2","targetHints":{"allow":["GET"]}}],"collection":[{"href":"https:\/\/www.ponozkaren.com\/index.php\/wp-json\/wp\/v2\/pages"}],"about":[{"href":"https:\/\/www.ponozkaren.com\/index.php\/wp-json\/wp\/v2\/types\/page"}],"author":[{"embeddable":true,"href":"https:\/\/www.ponozkaren.com\/index.php\/wp-json\/wp\/v2\/users\/1"}],"replies":[{"embeddable":true,"href":"https:\/\/www.ponozkaren.com\/index.php\/wp-json\/wp\/v2\/comments?post=2"}],"version-history":[{"count":8,"href":"https:\/\/www.ponozkaren.com\/index.php\/wp-json\/wp\/v2\/pages\/2\/revisions"}],"predecessor-version":[{"id":34,"href":"https:\/\/www.ponozkaren.com\/index.php\/wp-json\/wp\/v2\/pages\/2\/revisions\/34"}],"wp:attachment":[{"href":"https:\/\/www.ponozkaren.com\/index.php\/wp-json\/wp\/v2\/media?parent=2"}],"curies":[{"name":"wp","href":"https:\/\/api.w.org\/{rel}","templated":true}]}}